{"id":10,"date":"2023-11-08T21:36:19","date_gmt":"2023-11-08T20:36:19","guid":{"rendered":"https:\/\/dev.englaenderklubbenbornholm.dk\/?page_id=10"},"modified":"2026-04-06T21:02:31","modified_gmt":"2026-04-06T19:02:31","slug":"page","status":"publish","type":"page","link":"https:\/\/englaenderklubbenbornholm.dk\/","title":{"rendered":"Engl\u00e6nderklubben Bornholm"},"content":{"rendered":"\n    \n    <section class=\"u-clearfix u-section-2\" id=\"sec-2d2f\">\n      <div class=\"u-clearfix u-sheet u-sheet-1\">\n        <div class=\"fr-view u-clearfix u-rich-text u-text u-text-1\" data-lang-en=\"&lt;h3 style=&quot;text-align: left;&quot;&gt;&lt;span style=&quot;line-height: 2.0;&quot;&gt;Velkommen til Engl\u00e6nderklubben Bornholm&lt;\/span&gt;&lt;\/h3&gt;&lt;p style=&quot;text-align: left;&quot;&gt;&lt;span style=&quot;line-height: 2.0;&quot;&gt;Engl\u00e6nderklubben Bornholm er en motorcykelklub for ejere af en engelsk produceret, eller &quot;branded&quot; motorcykel. Vil du vide mere, s\u00e5 t\u00f8v ikke med at tage kontakt til os.&lt;\/span&gt;&lt;\/p&gt;\" data-lang-da=\"&lt;h3 style=&quot;text-align: left;&quot;&gt;&lt;span style=&quot;line-height: 2.0;&quot;&gt;Velkommen til Engl\u00e6nderklubben Bornholm&lt;\/span&gt;&lt;\/h3&gt;&lt;p style=&quot;text-align: left;&quot;&gt;&lt;span style=&quot;line-height: 2.0;&quot;&gt;Engl\u00e6nderklubben Bornholm er en motorcykelklub for ejere af en engelsk produceret, eller &quot;branded&quot; motorcykel. Vil du vide mere, s\u00e5 t\u00f8v ikke med at tage kontakt til os.&lt;\/span&gt;&lt;\/p&gt;\">\n          <h3 id=\"isPasted\">Velkommen til Engl\u00e6nderklubben Bornholm<\/h3>\n          <p>Engl\u00e6nderklubben Bornholm er en motorcykelklub for ejere af en engelsk produceret, eller \"branded\" motorcykel. Vil du vide mere, s\u00e5 t\u00f8v ikke med at tage kontakt til os.<\/p>\n          <p>Vi er en aktiv klub med mulighed for samv\u00e6r mindst \u00e9n gang om ugen -se vores aktivitetskalender&nbsp;her:<\/p>\n          <p>Deltag i vores klubtur i juni -<a class=\"u-active-none u-border-none u-btn u-button-style u-file-link u-hover-none u-none u-text-palette-1-base u-btn-1\" href=\"https:\/\/englaenderklubbenbornholm.dk\/wp-content\/uploads\/2026\/04\/Invitation-til-Klubtur-2026.pdf\">invitation-til-klubtur-2026<\/a>\n          <\/p>\n          <h3 style=\"text-align: left;\">\n            <br>\n          <\/h3>\n          <p style=\"text-align: left;\">\n            <br>\n          <\/p>\n        <\/div>\n        <img decoding=\"async\" class=\"u-expanded-width u-image u-image-default u-image-1\" src=\"https:\/\/englaenderklubbenbornholm.dk\/wp-content\/uploads\/2023\/11\/engl.jpg\" alt=\"\" data-image-width=\"2048\" data-image-height=\"1535\" data-lang-en=\"\" data-lang-da=\"\">\n      <\/div>\n    <\/section>\n    <section class=\"u-align-center u-clearfix u-palette-1-base u-section-3\" id=\"sec-d45d\">\n      <div class=\"u-clearfix u-sheet u-valign-middle u-sheet-1\">\n        <h2 class=\"u-text u-text-default u-text-1\" data-lang-en=\"F\u00f8lg os p\u00e5 Facebook\" data-lang-da=\"F\u00f8lg os p\u00e5 Facebook\">F\u00f8lg os p\u00e5 Facebook<\/h2>\n        <div class=\"u-social-icons u-spacing-20 u-social-icons-1\">\n          <a class=\"u-social-url\" title=\"facebook\" target=\"_blank\" href=\"https:\/\/www.facebook.com\/groups\/827892045130443\"><span class=\"u-icon u-social-facebook u-social-icon u-text-white\"><svg class=\"u-svg-link\" preserveAspectRatio=\"xMidYMin slice\" viewBox=\"0 0 97.75 97.75\" style=\"\"><use xlink:href=\"#svg-fc9a\"><\/use><\/svg><svg class=\"u-svg-content\" viewBox=\"0 0 97.75 97.75\" x=\"0px\" y=\"0px\" id=\"svg-fc9a\" style=\"enable-background:new 0 0 97.75 97.75;\"><g><path d=\"M48.875,0C21.882,0,0,21.882,0,48.875S21.882,97.75,48.875,97.75S97.75,75.868,97.75,48.875S75.868,0,48.875,0z    M67.521,24.89l-6.76,0.003c-5.301,0-6.326,2.519-6.326,6.215v8.15h12.641L67.07,52.023H54.436v32.758H41.251V52.023H30.229V39.258   h11.022v-9.414c0-10.925,6.675-16.875,16.42-16.875l9.851,0.015V24.89L67.521,24.89z\"><\/path>\n<\/g><\/svg><\/span>\n          <\/a>\n        <\/div>\n        <p class=\"u-text u-text-2\" data-lang-en=\"Tryk p\u00e5 knappen og l\u00e6r mere om klubben.\" data-lang-da=\"Tryk p\u00e5 knappen og l\u00e6r mere om klubben.\">Tryk p\u00e5 knappen og l\u00e6r mere om klubben.<\/p>\n        <a href=\"https:\/\/www.facebook.com\/groups\/827892045130443\" class=\"u-btn u-btn-round u-button-style u-radius-50 u-white u-btn-1\" target=\"_blank\" data-lang-en=\"{&quot;content&quot;:&quot;Find os&quot;,&quot;href&quot;:&quot;https:\/\/www.facebook.com\/groups\/827892045130443&quot;}\" data-lang-da=\"{&quot;content&quot;:&quot;Find os&quot;,&quot;href&quot;:&quot;https:\/\/www.facebook.com\/groups\/827892045130443&quot;}\">Find os<\/a>\n      <\/div>\n    <\/section>\n    \n    \n    \n  \n","protected":false},"excerpt":{"rendered":"<p>Velkommen til Engl\u00e6nderklubben Bornholm Engl\u00e6nderklubben Bornholm er en motorcykelklub for ejere af en engelsk produceret, eller &#8220;branded&#8221; motorcykel. Vil du vide mere, s\u00e5 t\u00f8v ikke med at tage kontakt til os. Vi er en aktiv klub med mulighed for samv\u00e6r mindst \u00e9n gang om ugen -se vores aktivitetskalender&nbsp;her: Deltag i vores klubtur i juni -invitation-til-klubtur-2026 &hellip; <a href=\"https:\/\/englaenderklubbenbornholm.dk\/\" class=\"more-link\">Continue reading<span class=\"screen-reader-text\"> &#8220;Engl\u00e6nderklubben Bornholm&#8221;<\/span><\/a><\/p>\n","protected":false},"author":1,"featured_media":0,"parent":0,"menu_order":0,"comment_status":"closed","ping_status":"closed","template":"","meta":{"footnotes":""},"class_list":["post-10","page","type-page","status-publish","hentry"],"_links":{"self":[{"href":"https:\/\/englaenderklubbenbornholm.dk\/index.php?rest_route=\/wp\/v2\/pages\/10","targetHints":{"allow":["GET"]}}],"collection":[{"href":"https:\/\/englaenderklubbenbornholm.dk\/index.php?rest_route=\/wp\/v2\/pages"}],"about":[{"href":"https:\/\/englaenderklubbenbornholm.dk\/index.php?rest_route=\/wp\/v2\/types\/page"}],"author":[{"embeddable":true,"href":"https:\/\/englaenderklubbenbornholm.dk\/index.php?rest_route=\/wp\/v2\/users\/1"}],"replies":[{"embeddable":true,"href":"https:\/\/englaenderklubbenbornholm.dk\/index.php?rest_route=%2Fwp%2Fv2%2Fcomments&post=10"}],"version-history":[{"count":17,"href":"https:\/\/englaenderklubbenbornholm.dk\/index.php?rest_route=\/wp\/v2\/pages\/10\/revisions"}],"predecessor-version":[{"id":104,"href":"https:\/\/englaenderklubbenbornholm.dk\/index.php?rest_route=\/wp\/v2\/pages\/10\/revisions\/104"}],"wp:attachment":[{"href":"https:\/\/englaenderklubbenbornholm.dk\/index.php?rest_route=%2Fwp%2Fv2%2Fmedia&parent=10"}],"curies":[{"name":"wp","href":"https:\/\/api.w.org\/{rel}","templated":true}]}}