{"id":25,"date":"2024-01-27T11:15:19","date_gmt":"2024-01-27T10:15:19","guid":{"rendered":"https:\/\/englaenderklubbenbornholm.dk\/?page_id=25"},"modified":"2025-04-07T17:48:30","modified_gmt":"2025-04-07T15:48:30","slug":"vedtaegter","status":"publish","type":"page","link":"https:\/\/englaenderklubbenbornholm.dk\/?page_id=25","title":{"rendered":"vedt\u00e6gter"},"content":{"rendered":"\n    \n    <section class=\"u-clearfix u-section-2\" id=\"sec-4ad8\">\n      <div class=\"u-clearfix u-sheet u-sheet-1\">\n        <p class=\"u-text u-text-default u-text-1\" data-lang-da=\"Sample text. Click to select the Text Element.\"><b style=\"\">Vedt\u00e6gter for Engl\u00e6nderklubben Bornholm.<\/b><b>&nbsp;<\/b>&nbsp; &nbsp; &nbsp;<br>&nbsp; &nbsp;&nbsp;<br>&nbsp;&nbsp;<b><u>\u00a71. Navn og\nhjemsted.<\/u><\/b> Klubbens navn er Engl\u00e6nderklubben Bornholm\nKlubben har hjemsted i Bornholms Regionskommune.&nbsp; &nbsp; &nbsp;&nbsp;<br>\n          <br>&nbsp;&nbsp;<b><u>\u00a72. Form\u00e5l.<\/u><\/b> Klubbens form\u00e5l er at fremme interessen for \u2013 og kendskabet\ntil engelske motorcykler. \nGennem kammeratligt samv\u00e6r, v\u00e6rkstedsaktiviteter, f\u00e6lleds\nk\u00f8reture, at fremme og styrke interessen for motorcyklismen. \nGennem klubbens organ at publicere nyheder af interesse for\nmedlemmerne.\nGennem klubbens\naktiviteter at fremme kontakten og sammenholdet til \u00f8vrige klubber med Engelske\nbranded motorcykler.<b><u><\/u><\/b>&nbsp; &nbsp; &nbsp;&nbsp;<br>\n          <br>&nbsp;&nbsp;<b><u>\u00a73. Medlemmer.<\/u><\/b> For at blive optaget i klubben skal man v\u00e6re i besiddelse af\nen engelsk branded motorcykel, enten k\u00f8rende eller under opbygning. \nOptagelse tilbydes endvidere en person som har adgang til-,\neller r\u00e5dighed over en engelsk branded motorcykel.\nVil man optages som medlem i Engl\u00e6nderklubben Bornholm, skal\nbestyrelsen godkende ans\u00f8ger. N\u00e5r kontingentet derefter er betalt, er medlemmet\noptaget som fuldgyldigt medlem.&nbsp;&nbsp; \nMedlemmer opfordres til j\u00e6vnligt at deltage i klubbens\narrangementer. Om n\u00f8dvendigt skal de hj\u00e6lpe til ved tr\u00e6f, st\u00e6vner,\nstumpemarkeder eller ture som organiseres af Engl\u00e6nderklubben Bornholm og\nvarsles i god tid. Ved arrangementer kan der p\u00e5\nEngl\u00e6nderklubben Bornholms opfordring forekomme frivillig medhj\u00e6lp som ikke\nn\u00f8dvendigvis er medlem af<b><\/b>Engl\u00e6nderklubben.\nKlubbens logo og navn m\u00e5 ikke figurere som rygm\u00e6rke.\n\u00c6resmedlemskab gives til en person, som er medlem af klubben\nog som har ydet en ekstraordin\u00e6r og v\u00e6rdifuld indsats for klubben.\nEt medlem der gennem sin optr\u00e6den el. ling. modarbejder\nforeningens interesser kan ekskluderes efter forud truffen beslutning af en\nordin\u00e6r generalforsamling.\n&nbsp;<br>\n          <br>&nbsp;&nbsp;<b><u>\u00a74. Generalforsamling.<\/u><\/b> Generalforsamling er klubbens h\u00f8jeste myndighed.\nGeneralforsamlingen afholdes en gang om \u00e5ret i februar\nm\u00e5ned.\nEnhver generalforsamling indkaldes med mindst 3 ugers\nvarsel.\nForslag til generalforsamling skal skriftlig v\u00e6re klubbens\nbestyrelse i h\u00e6nde senest 10 dage f\u00f8r varslet generalforsamling.\n\u00c6ndringer af klubbens vedt\u00e6gter kan kun vedtages, n\u00e5r mindst\n2\/3 af de fremm\u00f8dte stemmeberettigede medlemmer ved generalforsamlingen stemmer\nderfor.\nAfstemningen skal ske skriftligt, s\u00e5fremt blot en af de\nfremm\u00f8dte fordre dette.\nEt hvert medlem har adgang til generalforsamlingen og har\nret til at f\u00e5 oret, der kan kun afgives 1 stemme pr. fremm\u00f8dt medlem.\nP\u00e5 Engl\u00e6nderklubben Bornholms ordin\u00e6re generalforsamling\nskal dagsordenen som minimum indeholde f\u00f8lgende:\n&nbsp;\n1. Valg af dirigent samt 2 stemmet\u00e6llere.\n2. Formandens beretning.\n3. freml\u00e6ggelse af det reviderede regnskab til godkendelse.\n4. Valg \/ genvalg af medlemmer og til bestyrelsen. Valg af\nbestyrelsessuppleant og &nbsp;&nbsp;&nbsp;&nbsp;&nbsp;&nbsp;bilagskontrollant.\n5. Indkomne forslag.\n6. Fasts\u00e6ttelse af kontingent.\n7. Eventuelt.&nbsp; &nbsp; &nbsp; &nbsp;<br>\n          <br><b><u>\u00a75. Ekstraordin\u00e6r\ngeneralforsamling.<\/u><\/b> Ekstraordin\u00e6r generalforsamling afholdes n\u00e5r en enig\nbestyrelse, eller mindst 1\/3 del af klubbens medlemmer skriftligt beg\u00e6rer den\nmed angivelse af forslag der \u00f8nskes behandlet p\u00e5 generalforsamlingen.&nbsp; &nbsp; &nbsp; &nbsp;<br>\n          <br><b><u>\u00a76. Bestyrelsen.<\/u><\/b> Klubben ledes af en bestyrelse p\u00e5 5, valgt blandt klubbens\nmedlemmer, bestyrelsen v\u00e6lges for 2 \u00e5r ad gangen, og best\u00e5r af formand,\nn\u00e6stformand, kasserer, sekret\u00e6r og et menigt bestyrelsesmedlem.\nBestyrelsen konstituerer sig selv.\nVed stemmelighed er formandens stemme g\u00e6ldende.\nDerudover v\u00e6lges ogs\u00e5 1 bestyrelsessuppleant og en\nbilagskontrollant.\nBestyrelsen er p\u00e5 valg, s\u00e5ledes at der p\u00e5 lige \u00e5rstal v\u00e6lges\n3 bestyrelsesmedlemmer og i ulige \u00e5rstal v\u00e6lges 2 bestyrelsesmedlemmer.\nBestyrelsessuppleant og bilagskontrollanten er p\u00e5 valg hvert\n\u00e5r. \nKasserer h\u00e6fter kun for den formue der er i klubben.\nBestyrelsen kan ikke p\u00e5drage Engl\u00e6nderklubben Bornholm\nvidereg\u00e5ende g\u00e6lds-, eller kreditforpligtigelser, ligesom klubbens midler ikke\nkan udl\u00e5nes. Udgiftsbilag p\u00e5tegnes af kasserer eller formanden.\nKlubbens interesser varetages af bestyrelsen, der dog ikke\nkan forpligte medlemmerne eller klubben \u00f8konomisk, ud over det fastsatte \u00e5rlige\nkontingent.\nBestyrelsen holder m\u00f8de s\u00e5 ofte som formanden eller 2\nbestyrelsesmedlemmer finder det \u00f8nskeligt.\nDet er bestyrelsen der udn\u00e6vner et evt. \u00e6resmedlem, som\nherefter fritages for kontingent.&nbsp; &nbsp;<br>\n          <br>&nbsp;&nbsp;<b><u>\u00a77. Kontingent.<\/u><\/b> Kontingentet foresl\u00e5s af bestyrelsen for et \u00e5r ad gangen og\nvedtages p\u00e5 den \u00e5rlige generalforsamling. \nKontingentet tegnes som et personkontingent med stemmeret,\nmedlemmer af husstanden er velkomne til ture og diverse arrangementer.\nKontingent betales forud en gang \u00e5rligt, senest den 31.\njanuar i indev\u00e6rende \u00e5r.\nBel\u00f8bet indbetales p\u00e5 klubbens Bankkonto eller til kasserer\npersonligt.\nS\u00e5fremt \u00e5rskontingentet ikke er klubben i h\u00e6nde, senest den\n31. januar i indev\u00e6rende \u00e5r, opn\u00e5s ikke adgang til den \u00e5rlige\ngeneralforsamling. \nFor medlemmer der ikke har betalt det \u00e5rlige kontingent i\nindev\u00e6rende \u00e5r slettes disse pr. 1. juli af klubbens medlemskab.\nVed udmeldelse eller eksklusion af klubben, kan der ikke ske\ntilbagebetaling af kontingent.\nDer tilkommer ikke tidligere medlemmer nogen andel af\nklubbens midler. <b><u>&nbsp;<\/u><\/b>&nbsp; &nbsp; &nbsp; &nbsp;<br>\n          <br><b><u>\u00a78. Regnskab.<\/u><\/b> Klubbens regnskab er fra 1\/1 til 31\/12.\nKassere f\u00f8rer kassebog over klubbens indt\u00e6gter og udgifter.\nKlubbens midler inds\u00e6ttes p\u00e5 klubbens bank konto.\nBestyrelsen eller bilagskontrollanten kan til enhver tid\nforlange klubbens regnskab udleveret.\nAlle bilag underskrives af kasserer eller formanden.&nbsp; &nbsp; &nbsp; &nbsp; &nbsp;&nbsp;<br>\n          <br><b><u>\u00a79. Klubbens\nopl\u00f8sning.<\/u><\/b> Klubben kan kun opl\u00f8ses p\u00e5 en generalforsamling. Afg\u00f8relsen\nskal tr\u00e6ffes p\u00e5 samme m\u00e5de som vedt\u00e6gts\u00e6ndringer. S\u00e5fremt klubben opl\u00f8ses, skal klubbens evt. overskydende midler fordeles\nligeligt blandt indev\u00e6rende \u00e5rs medlemmer.\n&nbsp;\n&nbsp;\n&nbsp;&nbsp;&nbsp; &nbsp;&nbsp;<br>\n          <br><b>R\u00f8nne den 3. marts 2025.<\/b> &nbsp;&nbsp;&nbsp;&nbsp;&nbsp;&nbsp;&nbsp;&nbsp;&nbsp;&nbsp;&nbsp;&nbsp;&nbsp;&nbsp;&nbsp;&nbsp;&nbsp;&nbsp;&nbsp;&nbsp;&nbsp;&nbsp;&nbsp;&nbsp;&nbsp;&nbsp;&nbsp;&nbsp;&nbsp;&nbsp;&nbsp;&nbsp;&nbsp;&nbsp;&nbsp;&nbsp;&nbsp;&nbsp;&nbsp;&nbsp;&nbsp;&nbsp;&nbsp; \n&nbsp;&nbsp;&nbsp;&nbsp;&nbsp;&nbsp;&nbsp;&nbsp;&nbsp;&nbsp;&nbsp;&nbsp;&nbsp;&nbsp;&nbsp;&nbsp;&nbsp;&nbsp;&nbsp;&nbsp;&nbsp;&nbsp;&nbsp;&nbsp;&nbsp;&nbsp;&nbsp;&nbsp;&nbsp;&nbsp;&nbsp;&nbsp;&nbsp;&nbsp;&nbsp;&nbsp;&nbsp;&nbsp;&nbsp;&nbsp;&nbsp;&nbsp;&nbsp;&nbsp;&nbsp;&nbsp;&nbsp;&nbsp;&nbsp;&nbsp;&nbsp;&nbsp;&nbsp;&nbsp;&nbsp;&nbsp;&nbsp;&nbsp;&nbsp;&nbsp;&nbsp;&nbsp;&nbsp;&nbsp;&nbsp;&nbsp;&nbsp;&nbsp;&nbsp;&nbsp;&nbsp;&nbsp;&nbsp;&nbsp;&nbsp;&nbsp;&nbsp;&nbsp;&nbsp;&nbsp;&nbsp;&nbsp;&nbsp;&nbsp;&nbsp;&nbsp; &nbsp; &nbsp; &nbsp;<br>&nbsp;Click to select the Text Element.\n        <\/p>\n      <\/div>\n    <\/section>\n    \n    \n    \n  \n","protected":false},"excerpt":{"rendered":"<p>Vedt\u00e6gter for Engl\u00e6nderklubben Bornholm.&nbsp;&nbsp; &nbsp; &nbsp;&nbsp; &nbsp;&nbsp;&nbsp;&nbsp;\u00a71. Navn og hjemsted. Klubbens navn er Engl\u00e6nderklubben Bornholm Klubben har hjemsted i Bornholms Regionskommune.&nbsp; &nbsp; &nbsp;&nbsp; &nbsp;&nbsp;\u00a72. Form\u00e5l. Klubbens form\u00e5l er at fremme interessen for \u2013 og kendskabet til engelske motorcykler. Gennem kammeratligt samv\u00e6r, v\u00e6rkstedsaktiviteter, f\u00e6lleds k\u00f8reture, at fremme og styrke interessen for motorcyklismen. Gennem klubbens organ at &hellip; <a href=\"https:\/\/englaenderklubbenbornholm.dk\/?page_id=25\" class=\"more-link\">Continue reading<span class=\"screen-reader-text\"> &#8220;vedt\u00e6gter&#8221;<\/span><\/a><\/p>\n","protected":false},"author":2,"featured_media":0,"parent":0,"menu_order":0,"comment_status":"closed","ping_status":"closed","template":"","meta":{"footnotes":""},"class_list":["post-25","page","type-page","status-publish","hentry"],"_links":{"self":[{"href":"https:\/\/englaenderklubbenbornholm.dk\/index.php?rest_route=\/wp\/v2\/pages\/25","targetHints":{"allow":["GET"]}}],"collection":[{"href":"https:\/\/englaenderklubbenbornholm.dk\/index.php?rest_route=\/wp\/v2\/pages"}],"about":[{"href":"https:\/\/englaenderklubbenbornholm.dk\/index.php?rest_route=\/wp\/v2\/types\/page"}],"author":[{"embeddable":true,"href":"https:\/\/englaenderklubbenbornholm.dk\/index.php?rest_route=\/wp\/v2\/users\/2"}],"replies":[{"embeddable":true,"href":"https:\/\/englaenderklubbenbornholm.dk\/index.php?rest_route=%2Fwp%2Fv2%2Fcomments&post=25"}],"version-history":[{"count":5,"href":"https:\/\/englaenderklubbenbornholm.dk\/index.php?rest_route=\/wp\/v2\/pages\/25\/revisions"}],"predecessor-version":[{"id":79,"href":"https:\/\/englaenderklubbenbornholm.dk\/index.php?rest_route=\/wp\/v2\/pages\/25\/revisions\/79"}],"wp:attachment":[{"href":"https:\/\/englaenderklubbenbornholm.dk\/index.php?rest_route=%2Fwp%2Fv2%2Fmedia&parent=25"}],"curies":[{"name":"wp","href":"https:\/\/api.w.org\/{rel}","templated":true}]}}